{"id":76,"date":"2020-04-30T17:39:03","date_gmt":"2020-04-30T15:39:03","guid":{"rendered":"https:\/\/www.nenosombrero.com\/?page_id=76"},"modified":"2020-05-04T08:14:11","modified_gmt":"2020-05-04T06:14:11","slug":"el-neno-del-sombrero","status":"publish","type":"page","link":"https:\/\/www.nenosombrero.com\/de\/","title":{"rendered":"El Neno del Sombrero"},"content":{"rendered":"<h2>Was ist El Neno?<\/h2>\n<p>El Neno del Sombrero ist eine <strong>Werbeagentur<\/strong> mit dem Schwerpunkt auf <strong>Online Marketing<\/strong>. Wir erstellen Webseiten und k\u00fcmmern uns um deine professionelle Werbepositionierung. Wir sind die Richtigen f\u00fcr deinen umfangreichen Auftritt im Web.<\/p>\n<p>Aktuell befinden wir uns im Aufbau unserer eigenen Webseite, diese wird st\u00e4ndig erweitert und mit Details versehen. Was uns jedoch noch wichtiger ist, sind die aktuellen Projekte f\u00fcr unsere Kunden, zu denen wir auch dich gerne z\u00e4hlen m\u00f6chten.<\/p>\n<p>Bis bald!<\/p>\n","protected":false},"excerpt":{"rendered":"<p>Was ist El Neno? El Neno del Sombrero ist eine Werbeagentur mit dem Schwerpunkt auf Online Marketing. Wir erstellen Webseiten und k\u00fcmmern uns um deine professionelle Werbepositionierung. Wir sind die Richtigen f\u00fcr deinen umfangreichen Auftritt im Web. Aktuell befinden wir uns im Aufbau unserer eigenen Webseite, diese wird st\u00e4ndig erweitert und mit Details versehen. Was [&hellip;]<\/p>\n","protected":false},"author":1,"featured_media":93,"parent":0,"menu_order":0,"comment_status":"closed","ping_status":"closed","template":"templates\/template-landing-page.php","meta":{"_acf_changed":false,"footnotes":""},"class_list":["post-76","page","type-page","status-publish","has-post-thumbnail","hentry"],"acf":[],"yoast_head":"<!-- This site is optimized with the Yoast SEO plugin v27.5 - https:\/\/yoast.com\/product\/yoast-seo-wordpress\/ -->\n<title>El Neno del Sombrero | Offizielle Webseite \u00b7 Coming Soon<\/title>\n<meta name=\"description\" content=\"Wir sind da. El Neno del Sombrero steht bereit, um deine personalisierte Homepage mit allen notwendigen Elementen des Online Marketings zu erstellen.\" \/>\n<meta name=\"robots\" content=\"index, follow, max-snippet:-1, max-image-preview:large, max-video-preview:-1\" \/>\n<link rel=\"canonical\" href=\"https:\/\/www.nenosombrero.com\/de\/\" \/>\n<meta property=\"og:locale\" content=\"de_DE\" \/>\n<meta property=\"og:type\" content=\"article\" \/>\n<meta property=\"og:title\" content=\"El Neno del Sombrero | Offizielle Webseite\" \/>\n<meta property=\"og:description\" content=\"El Neno del Sombrero steht bereit, um deine personalisierte Homepage mit allen notwendigen Elementen des Online Marketings zu erstellen.\" \/>\n<meta property=\"og:url\" content=\"https:\/\/www.nenosombrero.com\/de\/\" \/>\n<meta property=\"og:site_name\" content=\"El Neno del Sombrero\" \/>\n<meta property=\"article:publisher\" content=\"https:\/\/www.facebook.com\/nenosombrero\/\" \/>\n<meta property=\"article:modified_time\" content=\"2020-05-04T06:14:11+00:00\" \/>\n<meta property=\"og:image\" content=\"https:\/\/www.nenosombrero.com\/wp-content\/uploads\/2020\/04\/facebookElNenoDelSombrero.png\" \/>\n\t<meta property=\"og:image:width\" content=\"2048\" \/>\n\t<meta property=\"og:image:height\" content=\"1075\" \/>\n\t<meta property=\"og:image:type\" content=\"image\/png\" \/>\n<meta name=\"twitter:card\" content=\"summary_large_image\" \/>\n<meta name=\"twitter:title\" content=\"El Neno del Sombrero | Offizielle Webseite\" \/>\n<meta name=\"twitter:description\" content=\"El Neno del Sombrero steht bereit, um deine personalisierte Homepage mit allen notwendigen Elementen des Online Marketings zu erstellen.\" \/>\n<meta name=\"twitter:image\" content=\"https:\/\/www.nenosombrero.com\/wp-content\/uploads\/2020\/04\/twitterElNenoDelSombrero.jpg\" \/>\n<meta name=\"twitter:site\" content=\"@nenosombrero\" \/>\n<script type=\"application\/ld+json\" class=\"yoast-schema-graph\">{\"@context\":\"https:\\\/\\\/schema.org\",\"@graph\":[{\"@type\":\"WebPage\",\"@id\":\"https:\\\/\\\/www.nenosombrero.com\\\/de\\\/\",\"url\":\"https:\\\/\\\/www.nenosombrero.com\\\/de\\\/\",\"name\":\"El Neno del Sombrero | Offizielle Webseite \u00b7 Coming Soon\",\"isPartOf\":{\"@id\":\"https:\\\/\\\/www.nenosombrero.com\\\/de\\\/#website\"},\"primaryImageOfPage\":{\"@id\":\"https:\\\/\\\/www.nenosombrero.com\\\/de\\\/#primaryimage\"},\"image\":{\"@id\":\"https:\\\/\\\/www.nenosombrero.com\\\/de\\\/#primaryimage\"},\"thumbnailUrl\":\"https:\\\/\\\/www.nenosombrero.com\\\/wp-content\\\/uploads\\\/2020\\\/04\\\/El-Neno-del-Sombrero.jpg\",\"datePublished\":\"2020-04-30T15:39:03+00:00\",\"dateModified\":\"2020-05-04T06:14:11+00:00\",\"description\":\"Wir sind da. El Neno del Sombrero steht bereit, um deine personalisierte Homepage mit allen notwendigen Elementen des Online Marketings zu erstellen.\",\"breadcrumb\":{\"@id\":\"https:\\\/\\\/www.nenosombrero.com\\\/de\\\/#breadcrumb\"},\"inLanguage\":\"de\",\"potentialAction\":[{\"@type\":\"ReadAction\",\"target\":[\"https:\\\/\\\/www.nenosombrero.com\\\/de\\\/\"]}]},{\"@type\":\"ImageObject\",\"inLanguage\":\"de\",\"@id\":\"https:\\\/\\\/www.nenosombrero.com\\\/de\\\/#primaryimage\",\"url\":\"https:\\\/\\\/www.nenosombrero.com\\\/wp-content\\\/uploads\\\/2020\\\/04\\\/El-Neno-del-Sombrero.jpg\",\"contentUrl\":\"https:\\\/\\\/www.nenosombrero.com\\\/wp-content\\\/uploads\\\/2020\\\/04\\\/El-Neno-del-Sombrero.jpg\",\"width\":2499,\"height\":3065},{\"@type\":\"BreadcrumbList\",\"@id\":\"https:\\\/\\\/www.nenosombrero.com\\\/de\\\/#breadcrumb\",\"itemListElement\":[{\"@type\":\"ListItem\",\"position\":1,\"name\":\"Portada\",\"item\":\"https:\\\/\\\/www.nenosombrero.com\\\/de\\\/\"},{\"@type\":\"ListItem\",\"position\":2,\"name\":\"El Neno del Sombrero\"}]},{\"@type\":\"WebSite\",\"@id\":\"https:\\\/\\\/www.nenosombrero.com\\\/de\\\/#website\",\"url\":\"https:\\\/\\\/www.nenosombrero.com\\\/de\\\/\",\"name\":\"El Neno del Sombrero\",\"description\":\"Sitio Oficial\",\"publisher\":{\"@id\":\"https:\\\/\\\/www.nenosombrero.com\\\/de\\\/#organization\"},\"potentialAction\":[{\"@type\":\"SearchAction\",\"target\":{\"@type\":\"EntryPoint\",\"urlTemplate\":\"https:\\\/\\\/www.nenosombrero.com\\\/de\\\/?s={search_term_string}\"},\"query-input\":{\"@type\":\"PropertyValueSpecification\",\"valueRequired\":true,\"valueName\":\"search_term_string\"}}],\"inLanguage\":\"de\"},{\"@type\":\"Organization\",\"@id\":\"https:\\\/\\\/www.nenosombrero.com\\\/de\\\/#organization\",\"name\":\"El Neno del Sombrero\",\"url\":\"https:\\\/\\\/www.nenosombrero.com\\\/de\\\/\",\"logo\":{\"@type\":\"ImageObject\",\"inLanguage\":\"de\",\"@id\":\"https:\\\/\\\/www.nenosombrero.com\\\/de\\\/#\\\/schema\\\/logo\\\/image\\\/\",\"url\":\"https:\\\/\\\/www.nenosombrero.com\\\/wp-content\\\/uploads\\\/2020\\\/04\\\/Imagotipo-El-Neno-del-Sombrero.png\",\"contentUrl\":\"https:\\\/\\\/www.nenosombrero.com\\\/wp-content\\\/uploads\\\/2020\\\/04\\\/Imagotipo-El-Neno-del-Sombrero.png\",\"width\":1024,\"height\":1024,\"caption\":\"El Neno del Sombrero\"},\"image\":{\"@id\":\"https:\\\/\\\/www.nenosombrero.com\\\/de\\\/#\\\/schema\\\/logo\\\/image\\\/\"},\"sameAs\":[\"https:\\\/\\\/www.facebook.com\\\/nenosombrero\\\/\",\"https:\\\/\\\/x.com\\\/nenosombrero\",\"https:\\\/\\\/www.instagram.com\\\/nenosombrero\\\/\",\"https:\\\/\\\/www.linkedin.com\\\/company\\\/nenosombrero\"]}]}<\/script>\n<!-- \/ Yoast SEO plugin. -->","yoast_head_json":{"title":"El Neno del Sombrero | Offizielle Webseite \u00b7 Coming Soon","description":"Wir sind da. El Neno del Sombrero steht bereit, um deine personalisierte Homepage mit allen notwendigen Elementen des Online Marketings zu erstellen.","robots":{"index":"index","follow":"follow","max-snippet":"max-snippet:-1","max-image-preview":"max-image-preview:large","max-video-preview":"max-video-preview:-1"},"canonical":"https:\/\/www.nenosombrero.com\/de\/","og_locale":"de_DE","og_type":"article","og_title":"El Neno del Sombrero | Offizielle Webseite","og_description":"El Neno del Sombrero steht bereit, um deine personalisierte Homepage mit allen notwendigen Elementen des Online Marketings zu erstellen.","og_url":"https:\/\/www.nenosombrero.com\/de\/","og_site_name":"El Neno del Sombrero","article_publisher":"https:\/\/www.facebook.com\/nenosombrero\/","article_modified_time":"2020-05-04T06:14:11+00:00","og_image":[{"width":2048,"height":1075,"url":"https:\/\/www.nenosombrero.com\/wp-content\/uploads\/2020\/04\/facebookElNenoDelSombrero.png","type":"image\/png"}],"twitter_card":"summary_large_image","twitter_title":"El Neno del Sombrero | Offizielle Webseite","twitter_description":"El Neno del Sombrero steht bereit, um deine personalisierte Homepage mit allen notwendigen Elementen des Online Marketings zu erstellen.","twitter_image":"https:\/\/www.nenosombrero.com\/wp-content\/uploads\/2020\/04\/twitterElNenoDelSombrero.jpg","twitter_site":"@nenosombrero","schema":{"@context":"https:\/\/schema.org","@graph":[{"@type":"WebPage","@id":"https:\/\/www.nenosombrero.com\/de\/","url":"https:\/\/www.nenosombrero.com\/de\/","name":"El Neno del Sombrero | Offizielle Webseite \u00b7 Coming Soon","isPartOf":{"@id":"https:\/\/www.nenosombrero.com\/de\/#website"},"primaryImageOfPage":{"@id":"https:\/\/www.nenosombrero.com\/de\/#primaryimage"},"image":{"@id":"https:\/\/www.nenosombrero.com\/de\/#primaryimage"},"thumbnailUrl":"https:\/\/www.nenosombrero.com\/wp-content\/uploads\/2020\/04\/El-Neno-del-Sombrero.jpg","datePublished":"2020-04-30T15:39:03+00:00","dateModified":"2020-05-04T06:14:11+00:00","description":"Wir sind da. El Neno del Sombrero steht bereit, um deine personalisierte Homepage mit allen notwendigen Elementen des Online Marketings zu erstellen.","breadcrumb":{"@id":"https:\/\/www.nenosombrero.com\/de\/#breadcrumb"},"inLanguage":"de","potentialAction":[{"@type":"ReadAction","target":["https:\/\/www.nenosombrero.com\/de\/"]}]},{"@type":"ImageObject","inLanguage":"de","@id":"https:\/\/www.nenosombrero.com\/de\/#primaryimage","url":"https:\/\/www.nenosombrero.com\/wp-content\/uploads\/2020\/04\/El-Neno-del-Sombrero.jpg","contentUrl":"https:\/\/www.nenosombrero.com\/wp-content\/uploads\/2020\/04\/El-Neno-del-Sombrero.jpg","width":2499,"height":3065},{"@type":"BreadcrumbList","@id":"https:\/\/www.nenosombrero.com\/de\/#breadcrumb","itemListElement":[{"@type":"ListItem","position":1,"name":"Portada","item":"https:\/\/www.nenosombrero.com\/de\/"},{"@type":"ListItem","position":2,"name":"El Neno del Sombrero"}]},{"@type":"WebSite","@id":"https:\/\/www.nenosombrero.com\/de\/#website","url":"https:\/\/www.nenosombrero.com\/de\/","name":"El Neno del Sombrero","description":"Sitio Oficial","publisher":{"@id":"https:\/\/www.nenosombrero.com\/de\/#organization"},"potentialAction":[{"@type":"SearchAction","target":{"@type":"EntryPoint","urlTemplate":"https:\/\/www.nenosombrero.com\/de\/?s={search_term_string}"},"query-input":{"@type":"PropertyValueSpecification","valueRequired":true,"valueName":"search_term_string"}}],"inLanguage":"de"},{"@type":"Organization","@id":"https:\/\/www.nenosombrero.com\/de\/#organization","name":"El Neno del Sombrero","url":"https:\/\/www.nenosombrero.com\/de\/","logo":{"@type":"ImageObject","inLanguage":"de","@id":"https:\/\/www.nenosombrero.com\/de\/#\/schema\/logo\/image\/","url":"https:\/\/www.nenosombrero.com\/wp-content\/uploads\/2020\/04\/Imagotipo-El-Neno-del-Sombrero.png","contentUrl":"https:\/\/www.nenosombrero.com\/wp-content\/uploads\/2020\/04\/Imagotipo-El-Neno-del-Sombrero.png","width":1024,"height":1024,"caption":"El Neno del Sombrero"},"image":{"@id":"https:\/\/www.nenosombrero.com\/de\/#\/schema\/logo\/image\/"},"sameAs":["https:\/\/www.facebook.com\/nenosombrero\/","https:\/\/x.com\/nenosombrero","https:\/\/www.instagram.com\/nenosombrero\/","https:\/\/www.linkedin.com\/company\/nenosombrero"]}]}},"_links":{"self":[{"href":"https:\/\/www.nenosombrero.com\/de\/wp-json\/wp\/v2\/pages\/76","targetHints":{"allow":["GET"]}}],"collection":[{"href":"https:\/\/www.nenosombrero.com\/de\/wp-json\/wp\/v2\/pages"}],"about":[{"href":"https:\/\/www.nenosombrero.com\/de\/wp-json\/wp\/v2\/types\/page"}],"author":[{"embeddable":true,"href":"https:\/\/www.nenosombrero.com\/de\/wp-json\/wp\/v2\/users\/1"}],"replies":[{"embeddable":true,"href":"https:\/\/www.nenosombrero.com\/de\/wp-json\/wp\/v2\/comments?post=76"}],"version-history":[{"count":15,"href":"https:\/\/www.nenosombrero.com\/de\/wp-json\/wp\/v2\/pages\/76\/revisions"}],"predecessor-version":[{"id":303,"href":"https:\/\/www.nenosombrero.com\/de\/wp-json\/wp\/v2\/pages\/76\/revisions\/303"}],"wp:featuredmedia":[{"embeddable":true,"href":"https:\/\/www.nenosombrero.com\/de\/wp-json\/wp\/v2\/media\/93"}],"wp:attachment":[{"href":"https:\/\/www.nenosombrero.com\/de\/wp-json\/wp\/v2\/media?parent=76"}],"curies":[{"name":"wp","href":"https:\/\/api.w.org\/{rel}","templated":true}]}}